{"id":8730,"date":"2024-08-20T04:32:18","date_gmt":"2024-08-20T04:32:18","guid":{"rendered":"https:\/\/green-vill-kecskemet.hu\/?page_id=8730"},"modified":"2024-08-21T04:29:50","modified_gmt":"2024-08-21T04:29:50","slug":"gyakori-kerdesek","status":"publish","type":"page","link":"https:\/\/green-vill-kecskemet.hu\/index.php\/gyakori-kerdesek\/","title":{"rendered":"Gyakori k\u00e9rd\u00e9sek"},"content":{"rendered":"<div class=\"wpb-content-wrapper\"><p>[vc_row][vc_column][vc_custom_heading text=&#8221;Kamerarendszerek&#8221; font_container=&#8221;tag:h2|text_align:center&#8221; css=&#8221;&#8221;][\/vc_column][\/vc_row][vc_row][vc_column][vc_separator css=&#8221;&#8221;][vc_toggle title=&#8221;T\u00e1volr\u00f3l visszan\u00e9zhet\u0151, betekinthet\u0151 a rendszer?&#8221; style=&#8221;arrow&#8221; css=&#8221;&#8221;]Internet csatlakoztat\u00e1s\u00e1val term\u00e9szetesen igen! Erre a legegyszer\u0171bb a HikConnect mobilon, vagy az IVMS alkalmaz\u00e1s pc-s k\u00f6rnyezetben.[\/vc_toggle][\/vc_column][\/vc_row][vc_row][vc_column][vc_toggle title=&#8221;Van havid\u00edja?&#8221; style=&#8221;arrow&#8221; css=&#8221;&#8221;]Nincs! A rendszer a megv\u00e1s\u00e1rl\u00e1sa ut\u00e1n k\u00f6lts\u00e9gmentes, csup\u00e1n az internetr\u0151l kell gondoskodni, ha a HikConnect applik\u00e1ci\u00f3b\u00f3l meg akarjuk tekinteni t\u00e1volr\u00f3l.[\/vc_toggle][\/vc_column][\/vc_row][vc_row][vc_column][vc_toggle title=&#8221;B\u0151v\u00edthet\u0151-e a rendszer?&#8221; style=&#8221;arrow&#8221; css=&#8221;&#8221;]A r\u00f6gz\u00edt\u0151ink 4-8-16 kamer\u00e1t tudnak nat\u00edvan fogadni, egy 4 kamer\u00e1s rendszerhez 4 csatorn\u00e1sat csomagolunk, az 5 kamer\u00e1shoz pedig m\u00e1r a 8-ast.<br \/>\nEzen fel\u00fcl a legt\u00f6bb esetben 1-2 IP kamer\u00e1t is fogad a r\u00f6gz\u00edt\u0151 \u00edgy ha v\u00e9letlen\u00fcl 1 kamer\u00e1val t\u00f6bbre lenne sz\u00fcks\u00e9g megoldhat\u00f3 a t\u00f6rt\u00e9net.[\/vc_toggle][\/vc_column][\/vc_row][vc_row][vc_column][vc_toggle title=&#8221;V\u00edz\u00e1ll\u00f3ak a kamer\u00e1k?&#8221; style=&#8221;arrow&#8221; css=&#8221;&#8221;]Igen, viszont a k\u00f6t\u00e9st v\u00edzhatlann\u00e1 kell tenni egy k\u00f6t\u0151dobozban, vagy egy\u00e9b szigetel\u00e9si elj\u00e1r\u00e1ssal.[\/vc_toggle][\/vc_column][\/vc_row][vc_row][vc_column][vc_toggle title=&#8221;Meddig l\u00e1t el a kamera?&#8221; style=&#8221;arrow&#8221; css=&#8221;&#8221;]Az infrav\u00f6r\u00f6s sz\u00e1m csak a szenzor \u00e9s a be\u00e9p\u00edtett infra ar\u00e1ny\u00e1t pr\u00f3b\u00e1lja vizualiz\u00e1lni m\u00e9terben. Az arcok felismerhet\u0151s\u00e9ge egy jobb sz\u00e1m ilyen szempontb\u00f3l a 2.8-as optik\u00e1n\u00e1l.<\/p>\n<ul>\n<li>2 Megapixeles kamer\u00e1n\u00e1l elmondhat\u00f3, hogy 6-8m-r\u0151l kirajzol\u00f3dnak a von\u00e1sok<\/li>\n<li>5 Mp kamer\u00e1n\u00e1l ez az \u00e9rt\u00e9k m\u00e1r 10-12 m\u00e9ter<\/li>\n<li>8 Mp kamer\u00e1kn\u00e1l pedig 15-18m-r\u0151l is felismerhet\u0151ek az arcok.3,6mm optik\u00e1val szorozzuk meg ezt a sz\u00e1mot, 1.2-vel, m\u00edg 4mm eset\u00e9n 1.3-al.<\/li>\n<\/ul>\n<p>[\/vc_toggle][\/vc_column][\/vc_row][vc_row][vc_column][vc_toggle title=&#8221;\u00dagy nem lehet be\u00e1ll\u00edtani, hogy este a piros f\u00e9ny ne l\u00e1tsz\u00f3djon?&#8221; style=&#8221;arrow&#8221; css=&#8221;&#8221;]Ki lehet a PTZ men\u00fcben kapcsolni az infr\u00e1t, viszont akkor \u00e9jszaka a s\u00f6t\u00e9tben nem nagyon fog l\u00e1tni semmit, ha csak nem van valamilyen kieg\u00e9sz\u00edt\u0151 megvil\u00e1g\u00edt\u00e1s[\/vc_toggle][\/vc_column][\/vc_row][vc_row][vc_column][vc_toggle title=&#8221;A kamer\u00e1knak kell e k\u00fcl\u00f6n \u00e1ram k\u00e1belt h\u00fazni?&#8221; style=&#8221;arrow&#8221; css=&#8221;&#8221;]Nem, az \u00e1ram \u00e9s a k\u00e9p \u00e9s hang is ugyanazon az UTP k\u00e1belen halad. RJ45-\u00f6s balunnal l\u00e9nyeg\u00e9ben a POE szabv\u00e1nyhoz hasonl\u00f3 val\u00f3sul meg.[\/vc_toggle][\/vc_column][\/vc_row][vc_row][vc_column][vc_toggle title=&#8221;Nekem beh\u00fazta a villanyszerel\u0151 a k\u00e1belt a fel\u00faj\u00edt\u00e1s sor\u00e1n, az megfelel\u0151 lesz?&#8221; style=&#8221;arrow&#8221; css=&#8221;&#8221;]Igen! A gyeng\u00e9bb min\u0151s\u00e9g\u0171 cat5e k\u00e1belekkel is j\u00f3 m\u0171k\u00f6dik a rendszer\u00fcnk 40-50m \/ kamera k\u00e1belhosszig. A cat6-al nem lehet melle ny\u00falni[\/vc_toggle][\/vc_column][\/vc_row][vc_row][vc_column][vc_separator css=&#8221;&#8221;][vc_custom_heading text=&#8221;Villanyszerel\u00e9s&#8221; font_container=&#8221;tag:h2|text_align:center&#8221; css=&#8221;&#8221;][\/vc_column][\/vc_row][vc_row][vc_column][vc_toggle title=&#8221;Mi az a f\u00f6ldel\u00e9s \u00e9s mi\u00e9rt van sz\u00fcks\u00e9g r\u00e1?&#8221; style=&#8221;arrow&#8221; css=&#8221;&#8221;]<\/p>\n<p style=\"margin: 0cm; margin-bottom: .0001pt; background: white; vertical-align: baseline;\"><span style=\"font-family: 'Helvetica',sans-serif;\">Alapvet\u0151en a f\u00f6ldel\u00e9sre az\u00e9rt van sz\u00fcks\u00e9g, hogy egy adott g\u00e9p vagy villamos berendez\u00e9s meghib\u00e1sod\u00e1sa eset\u00e9n megakad\u00e1lyozza, hogy az azt m\u0171k\u00f6dtet\u0151 vagy meg\u00e9rint\u0151 szem\u00e9lyt hal\u00e1los \u00e1ram\u00fct\u00e9s \u00e9rje. K\u00e9pzelj\u00fck el, hogy p\u00e9ld\u00e1ul a mos\u00f3g\u00e9p belsej\u00e9ben egy kilazult vagy elkorrod\u00e1lt csatlakoz\u00e1s k\u00f6vetkezt\u00e9ben a f\u00e1zisvezet\u0151 bel\u00fclr\u0151l hozz\u00e1\u00e9rt a mos\u00f3g\u00e9p f\u00e9mh\u00e1z\u00e1hoz.<\/span><\/p>\n<p>[\/vc_toggle][\/vc_column][\/vc_row][vc_row][vc_column][vc_toggle title=&#8221;\u00c9rdemes-e a lak\u00e1somba FI-rel\u00e9t beszereltetni \u00e9s ha igen, mi\u00e9rt van r\u00e1 sz\u00fcks\u00e9g?&#8221; style=&#8221;arrow&#8221; css=&#8221;&#8221;]<\/p>\n<p style=\"margin: 0cm; margin-bottom: .0001pt; background: white; vertical-align: baseline;\"><span style=\"font-family: 'Helvetica',sans-serif;\">A v\u00e1lasz r\u00f6viden igen, \u00e9rdemes egy villanyszerel\u0151t megk\u00e9rni arra, hogy a kismegszak\u00edt\u00f3k el\u00e9 szereljen fel egyet. A FI rel\u00e9, m\u00e1s sz\u00f3val \u00e9letv\u00e9delmi rel\u00e9 vagy \u00e1ramv\u00e9d\u0151 kapcsol\u00f3 jelenleg a legkorszer\u0171bb \u00e9s legbiztosabb v\u00e9delem arra az esetre, ha valakit v\u00e9letlenszer\u0171 \u00e1ram\u00fct\u00e9s \u00e9r (pl. a gyerek beledug a konnektorba egy szeget, stb.).<\/span><\/p>\n<p>[\/vc_toggle][\/vc_column][\/vc_row][vc_row][vc_column][vc_toggle title=&#8221;Mi\u00e9rt nem javasolt, hogy \u00e9n magam v\u00e9gezzem el a villanyszerel\u00e9si munk\u00e1t? &#8221; style=&#8221;arrow&#8221; css=&#8221;&#8221;]Ha nem rendelkezel megfelel\u0151 szakk\u00e9pz\u00e9ssel \u00e9s tapasztalattal, kifejezetten nem aj\u00e1nlott hozz\u00e1ny\u00falni a villanyszerel\u00e9si munk\u00e1khoz. Az elektromos rendszerekkel t\u00f6rt\u00e9n\u0151 munkav\u00e9gz\u00e9s nem csak \u00e9letvesz\u00e9lyes lehet, hanem t\u0171zvesz\u00e9lyes is. Emellett, ha nem megfelel\u0151en v\u00e9gzed el a munk\u00e1t, az k\u00e9s\u0151bb m\u0171szaki probl\u00e9m\u00e1khoz, dr\u00e1ga jav\u00edt\u00e1sokhoz vezethet. Egy szakember tudja, mire kell odafigyelni, \u00e9s biztons\u00e1gosan, szabv\u00e1nyoknak megfelel\u0151en v\u00e9gzi el a munk\u00e1t.[\/vc_toggle][\/vc_column][\/vc_row][vc_row][vc_column][vc_toggle title=&#8221;Hogyan garant\u00e1ljuk, hogy nem marad rendetlens\u00e9g vagy kosz a munka befejez\u00e9se ut\u00e1n a lak\u00e1somban? &#8221; style=&#8221;arrow&#8221; css=&#8221;&#8221;]Garanci\u00e1t v\u00e1llalunk arra, hogy a munkater\u00fcletet a lehet\u0151 legtiszt\u00e1bb \u00e1llapotban adjuk \u00e1t. Mindig \u00fcgyel\u00fcnk arra, hogy a munka sor\u00e1n \u00e9s azt k\u00f6vet\u0151en a helyis\u00e9gek tisztas\u00e1g\u00e1t meg\u0151rizz\u00fck, \u00e9s minimaliz\u00e1ljuk a kellemetlens\u00e9geket.[\/vc_toggle][\/vc_column][\/vc_row][vc_row][vc_column][vc_toggle title=&#8221;Milyen hamar tudj\u00e1tok elkezdeni a villanyszerel\u00e9si munk\u00e1t? &#8221; style=&#8221;arrow&#8221; css=&#8221;&#8221;]A munkakezd\u00e9s gyorsas\u00e1ga a munka jelleg\u00e9t\u0151l f\u00fcgg. Jav\u00edt\u00e1si \u00e9s kisebb munk\u00e1latok eset\u00e9n ak\u00e1r 2 napon bel\u00fcl is tudunk kezdeni. Nagyobb projektek vagy komplexebb munk\u00e1latok eset\u00e9n a legt\u00f6bb helyzetben 2 h\u00e9ten bel\u00fcl tudjuk az elv\u00e9gz\u00e9st megkezdeni. A pontos kezd\u00e9si id\u0151pontot mindig az el\u0151zetes felm\u00e9r\u00e9s ut\u00e1n egyeztetj\u00fck.[\/vc_toggle][\/vc_column][\/vc_row][vc_row][vc_column][vc_separator css=&#8221;&#8221;][\/vc_column][\/vc_row]<\/p>\n<\/div>","protected":false},"excerpt":{"rendered":"<p>[vc_row][vc_column][vc_custom_heading text=&#8221;Kamerarendszerek&#8221; font_container=&#8221;tag:h2|text_align:center&#8221; css=&#8221;&#8221;][\/vc_column][\/vc_row][vc_row][vc_column][vc_separator css=&#8221;&#8221;][vc_toggle title=&#8221;T\u00e1volr\u00f3l visszan\u00e9zhet\u0151, betekinthet\u0151 a rendszer?&#8221; style=&#8221;arrow&#8221; css=&#8221;&#8221;]Internet csatlakoztat\u00e1s\u00e1val term\u00e9szetesen igen! Erre a legegyszer\u0171bb a HikConnect mobilon, vagy az IVMS alkalmaz\u00e1s pc-s k\u00f6rnyezetben.[\/vc_toggle][\/vc_column][\/vc_row][vc_row][vc_column][vc_toggle title=&#8221;Van havid\u00edja?&#8221; style=&#8221;arrow&#8221; css=&#8221;&#8221;]Nincs! A rendszer a megv\u00e1s\u00e1rl\u00e1sa ut\u00e1n k\u00f6lts\u00e9gmentes, csup\u00e1n az internetr\u0151l kell gondoskodni, ha a HikConnect applik\u00e1ci\u00f3b\u00f3l meg akarjuk tekinteni t\u00e1volr\u00f3l.[\/vc_toggle][\/vc_column][\/vc_row][vc_row][vc_column][vc_toggle title=&#8221;B\u0151v\u00edthet\u0151-e a rendszer?&#8221; style=&#8221;arrow&#8221; css=&#8221;&#8221;]A [&hellip;]<\/p>\n","protected":false},"author":1,"featured_media":0,"parent":0,"menu_order":0,"comment_status":"closed","ping_status":"closed","template":"elementor_theme","meta":{"two_page_speed":[],"footnotes":""},"class_list":["post-8730","page","type-page","status-publish","hentry"],"yoast_head":"<!-- This site is optimized with the Yoast SEO plugin v26.9 - https:\/\/yoast.com\/product\/yoast-seo-wordpress\/ -->\n<title>Gyakori k\u00e9rd\u00e9sek - GreenVill<\/title>\n<meta name=\"robots\" content=\"index, follow, max-snippet:-1, max-image-preview:large, max-video-preview:-1\" \/>\n<link rel=\"canonical\" href=\"https:\/\/green-vill-kecskemet.hu\/index.php\/gyakori-kerdesek\/\" \/>\n<meta property=\"og:locale\" content=\"hu_HU\" \/>\n<meta property=\"og:type\" content=\"article\" \/>\n<meta property=\"og:title\" content=\"Gyakori k\u00e9rd\u00e9sek - GreenVill\" \/>\n<meta property=\"og:description\" content=\"[vc_row][vc_column][vc_custom_heading text=&#8221;Kamerarendszerek&#8221; font_container=&#8221;tag:h2|text_align:center&#8221; css=&#8221;&#8221;][\/vc_column][\/vc_row][vc_row][vc_column][vc_separator css=&#8221;&#8221;][vc_toggle title=&#8221;T\u00e1volr\u00f3l visszan\u00e9zhet\u0151, betekinthet\u0151 a rendszer?&#8221; style=&#8221;arrow&#8221; css=&#8221;&#8221;]Internet csatlakoztat\u00e1s\u00e1val term\u00e9szetesen igen! Erre a legegyszer\u0171bb a HikConnect mobilon, vagy az IVMS alkalmaz\u00e1s pc-s k\u00f6rnyezetben.[\/vc_toggle][\/vc_column][\/vc_row][vc_row][vc_column][vc_toggle title=&#8221;Van havid\u00edja?&#8221; style=&#8221;arrow&#8221; css=&#8221;&#8221;]Nincs! A rendszer a megv\u00e1s\u00e1rl\u00e1sa ut\u00e1n k\u00f6lts\u00e9gmentes, csup\u00e1n az internetr\u0151l kell gondoskodni, ha a HikConnect applik\u00e1ci\u00f3b\u00f3l meg akarjuk tekinteni t\u00e1volr\u00f3l.[\/vc_toggle][\/vc_column][\/vc_row][vc_row][vc_column][vc_toggle title=&#8221;B\u0151v\u00edthet\u0151-e a rendszer?&#8221; style=&#8221;arrow&#8221; css=&#8221;&#8221;]A [&hellip;]\" \/>\n<meta property=\"og:url\" content=\"https:\/\/green-vill-kecskemet.hu\/index.php\/gyakori-kerdesek\/\" \/>\n<meta property=\"og:site_name\" content=\"GreenVill\" \/>\n<meta property=\"article:publisher\" content=\"https:\/\/www.facebook.com\/profile.php?id=61556609794532\" \/>\n<meta property=\"article:modified_time\" content=\"2024-08-21T04:29:50+00:00\" \/>\n<meta name=\"twitter:card\" content=\"summary_large_image\" \/>\n<meta name=\"twitter:label1\" content=\"Becs\u00fclt olvas\u00e1si id\u0151\" \/>\n\t<meta name=\"twitter:data1\" content=\"6 perc\" \/>\n<script type=\"application\/ld+json\" class=\"yoast-schema-graph\">{\"@context\":\"https:\/\/schema.org\",\"@graph\":[{\"@type\":\"WebPage\",\"@id\":\"https:\/\/green-vill-kecskemet.hu\/index.php\/gyakori-kerdesek\/\",\"url\":\"https:\/\/green-vill-kecskemet.hu\/index.php\/gyakori-kerdesek\/\",\"name\":\"Gyakori k\u00e9rd\u00e9sek - GreenVill\",\"isPartOf\":{\"@id\":\"https:\/\/green-vill-kecskemet.hu\/#website\"},\"datePublished\":\"2024-08-20T04:32:18+00:00\",\"dateModified\":\"2024-08-21T04:29:50+00:00\",\"breadcrumb\":{\"@id\":\"https:\/\/green-vill-kecskemet.hu\/index.php\/gyakori-kerdesek\/#breadcrumb\"},\"inLanguage\":\"hu\",\"potentialAction\":[{\"@type\":\"ReadAction\",\"target\":[\"https:\/\/green-vill-kecskemet.hu\/index.php\/gyakori-kerdesek\/\"]}]},{\"@type\":\"BreadcrumbList\",\"@id\":\"https:\/\/green-vill-kecskemet.hu\/index.php\/gyakori-kerdesek\/#breadcrumb\",\"itemListElement\":[{\"@type\":\"ListItem\",\"position\":1,\"name\":\"Home\",\"item\":\"https:\/\/green-vill-kecskemet.hu\/\"},{\"@type\":\"ListItem\",\"position\":2,\"name\":\"Gyakori k\u00e9rd\u00e9sek\"}]},{\"@type\":\"WebSite\",\"@id\":\"https:\/\/green-vill-kecskemet.hu\/#website\",\"url\":\"https:\/\/green-vill-kecskemet.hu\/\",\"name\":\"Green Vill Kecskem\u00e9t\",\"description\":\"\",\"publisher\":{\"@id\":\"https:\/\/green-vill-kecskemet.hu\/#organization\"},\"potentialAction\":[{\"@type\":\"SearchAction\",\"target\":{\"@type\":\"EntryPoint\",\"urlTemplate\":\"https:\/\/green-vill-kecskemet.hu\/?s={search_term_string}\"},\"query-input\":{\"@type\":\"PropertyValueSpecification\",\"valueRequired\":true,\"valueName\":\"search_term_string\"}}],\"inLanguage\":\"hu\"},{\"@type\":\"Organization\",\"@id\":\"https:\/\/green-vill-kecskemet.hu\/#organization\",\"name\":\"Gecsei Viktor EV\",\"url\":\"https:\/\/green-vill-kecskemet.hu\/\",\"logo\":{\"@type\":\"ImageObject\",\"inLanguage\":\"hu\",\"@id\":\"https:\/\/green-vill-kecskemet.hu\/#\/schema\/logo\/image\/\",\"url\":\"https:\/\/green-vill-kecskemet.hu\/wp-content\/uploads\/2025\/02\/GreenVill-logo-v2-scaled.webp\",\"contentUrl\":\"https:\/\/green-vill-kecskemet.hu\/wp-content\/uploads\/2025\/02\/GreenVill-logo-v2-scaled.webp\",\"width\":2560,\"height\":2560,\"caption\":\"Gecsei Viktor EV\"},\"image\":{\"@id\":\"https:\/\/green-vill-kecskemet.hu\/#\/schema\/logo\/image\/\"},\"sameAs\":[\"https:\/\/www.facebook.com\/profile.php?id=61556609794532\"]}]}<\/script>\n<!-- \/ Yoast SEO plugin. -->","yoast_head_json":{"title":"Gyakori k\u00e9rd\u00e9sek - GreenVill","robots":{"index":"index","follow":"follow","max-snippet":"max-snippet:-1","max-image-preview":"max-image-preview:large","max-video-preview":"max-video-preview:-1"},"canonical":"https:\/\/green-vill-kecskemet.hu\/index.php\/gyakori-kerdesek\/","og_locale":"hu_HU","og_type":"article","og_title":"Gyakori k\u00e9rd\u00e9sek - GreenVill","og_description":"[vc_row][vc_column][vc_custom_heading text=&#8221;Kamerarendszerek&#8221; font_container=&#8221;tag:h2|text_align:center&#8221; css=&#8221;&#8221;][\/vc_column][\/vc_row][vc_row][vc_column][vc_separator css=&#8221;&#8221;][vc_toggle title=&#8221;T\u00e1volr\u00f3l visszan\u00e9zhet\u0151, betekinthet\u0151 a rendszer?&#8221; style=&#8221;arrow&#8221; css=&#8221;&#8221;]Internet csatlakoztat\u00e1s\u00e1val term\u00e9szetesen igen! Erre a legegyszer\u0171bb a HikConnect mobilon, vagy az IVMS alkalmaz\u00e1s pc-s k\u00f6rnyezetben.[\/vc_toggle][\/vc_column][\/vc_row][vc_row][vc_column][vc_toggle title=&#8221;Van havid\u00edja?&#8221; style=&#8221;arrow&#8221; css=&#8221;&#8221;]Nincs! A rendszer a megv\u00e1s\u00e1rl\u00e1sa ut\u00e1n k\u00f6lts\u00e9gmentes, csup\u00e1n az internetr\u0151l kell gondoskodni, ha a HikConnect applik\u00e1ci\u00f3b\u00f3l meg akarjuk tekinteni t\u00e1volr\u00f3l.[\/vc_toggle][\/vc_column][\/vc_row][vc_row][vc_column][vc_toggle title=&#8221;B\u0151v\u00edthet\u0151-e a rendszer?&#8221; style=&#8221;arrow&#8221; css=&#8221;&#8221;]A [&hellip;]","og_url":"https:\/\/green-vill-kecskemet.hu\/index.php\/gyakori-kerdesek\/","og_site_name":"GreenVill","article_publisher":"https:\/\/www.facebook.com\/profile.php?id=61556609794532","article_modified_time":"2024-08-21T04:29:50+00:00","twitter_card":"summary_large_image","twitter_misc":{"Becs\u00fclt olvas\u00e1si id\u0151":"6 perc"},"schema":{"@context":"https:\/\/schema.org","@graph":[{"@type":"WebPage","@id":"https:\/\/green-vill-kecskemet.hu\/index.php\/gyakori-kerdesek\/","url":"https:\/\/green-vill-kecskemet.hu\/index.php\/gyakori-kerdesek\/","name":"Gyakori k\u00e9rd\u00e9sek - GreenVill","isPartOf":{"@id":"https:\/\/green-vill-kecskemet.hu\/#website"},"datePublished":"2024-08-20T04:32:18+00:00","dateModified":"2024-08-21T04:29:50+00:00","breadcrumb":{"@id":"https:\/\/green-vill-kecskemet.hu\/index.php\/gyakori-kerdesek\/#breadcrumb"},"inLanguage":"hu","potentialAction":[{"@type":"ReadAction","target":["https:\/\/green-vill-kecskemet.hu\/index.php\/gyakori-kerdesek\/"]}]},{"@type":"BreadcrumbList","@id":"https:\/\/green-vill-kecskemet.hu\/index.php\/gyakori-kerdesek\/#breadcrumb","itemListElement":[{"@type":"ListItem","position":1,"name":"Home","item":"https:\/\/green-vill-kecskemet.hu\/"},{"@type":"ListItem","position":2,"name":"Gyakori k\u00e9rd\u00e9sek"}]},{"@type":"WebSite","@id":"https:\/\/green-vill-kecskemet.hu\/#website","url":"https:\/\/green-vill-kecskemet.hu\/","name":"Green Vill Kecskem\u00e9t","description":"","publisher":{"@id":"https:\/\/green-vill-kecskemet.hu\/#organization"},"potentialAction":[{"@type":"SearchAction","target":{"@type":"EntryPoint","urlTemplate":"https:\/\/green-vill-kecskemet.hu\/?s={search_term_string}"},"query-input":{"@type":"PropertyValueSpecification","valueRequired":true,"valueName":"search_term_string"}}],"inLanguage":"hu"},{"@type":"Organization","@id":"https:\/\/green-vill-kecskemet.hu\/#organization","name":"Gecsei Viktor EV","url":"https:\/\/green-vill-kecskemet.hu\/","logo":{"@type":"ImageObject","inLanguage":"hu","@id":"https:\/\/green-vill-kecskemet.hu\/#\/schema\/logo\/image\/","url":"https:\/\/green-vill-kecskemet.hu\/wp-content\/uploads\/2025\/02\/GreenVill-logo-v2-scaled.webp","contentUrl":"https:\/\/green-vill-kecskemet.hu\/wp-content\/uploads\/2025\/02\/GreenVill-logo-v2-scaled.webp","width":2560,"height":2560,"caption":"Gecsei Viktor EV"},"image":{"@id":"https:\/\/green-vill-kecskemet.hu\/#\/schema\/logo\/image\/"},"sameAs":["https:\/\/www.facebook.com\/profile.php?id=61556609794532"]}]}},"_links":{"self":[{"href":"https:\/\/green-vill-kecskemet.hu\/index.php\/wp-json\/wp\/v2\/pages\/8730","targetHints":{"allow":["GET"]}}],"collection":[{"href":"https:\/\/green-vill-kecskemet.hu\/index.php\/wp-json\/wp\/v2\/pages"}],"about":[{"href":"https:\/\/green-vill-kecskemet.hu\/index.php\/wp-json\/wp\/v2\/types\/page"}],"author":[{"embeddable":true,"href":"https:\/\/green-vill-kecskemet.hu\/index.php\/wp-json\/wp\/v2\/users\/1"}],"replies":[{"embeddable":true,"href":"https:\/\/green-vill-kecskemet.hu\/index.php\/wp-json\/wp\/v2\/comments?post=8730"}],"version-history":[{"count":6,"href":"https:\/\/green-vill-kecskemet.hu\/index.php\/wp-json\/wp\/v2\/pages\/8730\/revisions"}],"predecessor-version":[{"id":8740,"href":"https:\/\/green-vill-kecskemet.hu\/index.php\/wp-json\/wp\/v2\/pages\/8730\/revisions\/8740"}],"wp:attachment":[{"href":"https:\/\/green-vill-kecskemet.hu\/index.php\/wp-json\/wp\/v2\/media?parent=8730"}],"curies":[{"name":"wp","href":"https:\/\/api.w.org\/{rel}","templated":true}]}}