{"id":25,"date":"2024-07-31T06:06:11","date_gmt":"2024-07-31T06:06:11","guid":{"rendered":"https:\/\/green-vill-kecskemet.hu\/?page_id=25"},"modified":"2024-08-21T04:31:30","modified_gmt":"2024-08-21T04:31:30","slug":"kapcsolat","status":"publish","type":"page","link":"https:\/\/green-vill-kecskemet.hu\/index.php\/kapcsolat\/","title":{"rendered":"Kapcsolat"},"content":{"rendered":"<div class=\"wpb-content-wrapper\">\t\t<div data-elementor-type=\"wp-page\" data-elementor-id=\"25\" class=\"elementor elementor-25\">\n\t\t\t\t<div class=\"elementor-element elementor-element-3fab84f9 e-con-full e-flex e-con e-parent\" data-id=\"3fab84f9\" data-element_type=\"container\">\n\t\t<div class=\"elementor-element elementor-element-5ff30729 e-con-full e-flex e-con e-child\" data-id=\"5ff30729\" data-element_type=\"container\">\n\t\t\t\t<div class=\"elementor-element elementor-element-66891706 elementor-widget elementor-widget-heading\" data-id=\"66891706\" data-element_type=\"widget\" data-widget_type=\"heading.default\">\n\t\t\t\t<div class=\"elementor-widget-container\">\n\t\t\t\t\t<h1 class=\"elementor-heading-title elementor-size-default\">\u00cdrj nek\u00fcnk<\/h1>\t\t\t\t<\/div>\n\t\t\t\t<\/div>\n\t\t\t\t<div class=\"elementor-element elementor-element-68c273aa elementor-widget elementor-widget-text-editor\" data-id=\"68c273aa\" data-element_type=\"widget\" data-widget_type=\"text-editor.default\">\n\t\t\t\t<div class=\"elementor-widget-container\">\n\t\t\t\t\t\t\t\t\t<p>Amennyiben k\u00e9rd\u00e9sed, elk\u00e9pzel\u00e9sed van, keress minket bizalommal az itt tal\u00e1lhat\u00f3 el\u00e9rhet\u0151s\u00e9geink egyik\u00e9n.<\/p>\t\t\t\t\t\t\t\t<\/div>\n\t\t\t\t<\/div>\n\t\t<div class=\"elementor-element elementor-element-7a6ad1ee e-con-full e-flex e-con e-child\" data-id=\"7a6ad1ee\" data-element_type=\"container\">\n\t\t\t\t<div class=\"elementor-element elementor-element-60e53728 elementor-align-start elementor-icon-list--layout-traditional elementor-list-item-link-full_width elementor-widget elementor-widget-icon-list\" data-id=\"60e53728\" data-element_type=\"widget\" data-widget_type=\"icon-list.default\">\n\t\t\t\t<div class=\"elementor-widget-container\">\n\t\t\t\t\t\t\t<ul class=\"elementor-icon-list-items\">\n\t\t\t\t\t\t\t<li class=\"elementor-icon-list-item\">\n\t\t\t\t\t\t\t\t\t\t<span class=\"elementor-icon-list-text\"><b>Nyitvatart\u00e1si id\u0151<\/b> H\u00e9tf\u0151 - P\u00e9ntek 8:00 - 17:00<\/span>\n\t\t\t\t\t\t\t\t\t<\/li>\n\t\t\t\t\t\t\t\t<li class=\"elementor-icon-list-item\">\n\t\t\t\t\t\t\t\t\t\t<span class=\"elementor-icon-list-text\"><b>Telefonsz\u00e1m:<\/b> +36308760091<\/span>\n\t\t\t\t\t\t\t\t\t<\/li>\n\t\t\t\t\t\t\t\t<li class=\"elementor-icon-list-item\">\n\t\t\t\t\t\t\t\t\t\t<span class=\"elementor-icon-list-text\"><b>Email:<\/b> greenvillkecskemet@gmail.com<\/span>\n\t\t\t\t\t\t\t\t\t<\/li>\n\t\t\t\t\t\t<\/ul>\n\t\t\t\t\t\t<\/div>\n\t\t\t\t<\/div>\n\t\t\t\t<\/div>\n\t\t\t\t<\/div>\n\t\t<div class=\"elementor-element elementor-element-44e897cd e-con-full e-flex e-con e-child\" data-id=\"44e897cd\" data-element_type=\"container\">\n\t\t\t\t<div class=\"elementor-element elementor-element-510a1101 elementor-widget elementor-widget-image\" data-id=\"510a1101\" data-element_type=\"widget\" data-widget_type=\"image.default\">\n\t\t\t\t<div class=\"elementor-widget-container\">\n\t\t\t\t\t\t\t\t\t\t\t\t\t\t\t<img fetchpriority=\"high\" decoding=\"async\" width=\"525\" height=\"351\" src=\"https:\/\/green-vill-kecskemet.hu\/wp-content\/uploads\/2024\/08\/AdobeStock_523166875-659x440.jpeg\" class=\"attachment-large size-large wp-image-8691\" alt=\"\" srcset=\"https:\/\/green-vill-kecskemet.hu\/wp-content\/uploads\/2024\/08\/AdobeStock_523166875-659x440.jpeg 659w, https:\/\/green-vill-kecskemet.hu\/wp-content\/uploads\/2024\/08\/AdobeStock_523166875-494x330.jpeg 494w, https:\/\/green-vill-kecskemet.hu\/wp-content\/uploads\/2024\/08\/AdobeStock_523166875-768x513.jpeg 768w, https:\/\/green-vill-kecskemet.hu\/wp-content\/uploads\/2024\/08\/AdobeStock_523166875-1536x1025.jpeg 1536w, https:\/\/green-vill-kecskemet.hu\/wp-content\/uploads\/2024\/08\/AdobeStock_523166875-2048x1367.jpeg 2048w, https:\/\/green-vill-kecskemet.hu\/wp-content\/uploads\/2024\/08\/AdobeStock_523166875-600x401.jpeg 600w\" sizes=\"(max-width: 525px) 100vw, 525px\" \/>\t\t\t\t\t\t\t\t\t\t\t\t\t\t\t<\/div>\n\t\t\t\t<\/div>\n\t\t\t\t<\/div>\n\t\t\t\t<\/div>\n\t\t<div class=\"elementor-element elementor-element-5273515 e-flex e-con-boxed elementor-invisible e-con e-parent\" data-id=\"5273515\" data-element_type=\"container\" data-settings=\"{&quot;animation&quot;:&quot;fadeIn&quot;}\">\n\t\t\t\t\t<div class=\"e-con-inner\">\n\t\t\t\t\t<\/div>\n\t\t\t\t<\/div>\n\t\t<div class=\"elementor-element elementor-element-73d46cfd e-con-full e-flex e-con e-parent\" data-id=\"73d46cfd\" data-element_type=\"container\">\n\t\t<div class=\"elementor-element elementor-element-cb35533 e-con-full e-flex e-con e-child\" data-id=\"cb35533\" data-element_type=\"container\" data-settings=\"{&quot;background_background&quot;:&quot;classic&quot;}\">\n\t\t\t\t<div class=\"elementor-element elementor-element-3fc1061c elementor-widget elementor-widget-google_maps\" data-id=\"3fc1061c\" data-element_type=\"widget\" data-widget_type=\"google_maps.default\">\n\t\t\t\t<div class=\"elementor-widget-container\">\n\t\t\t\t\t\t\t<div class=\"elementor-custom-embed\">\n\t\t\t<iframe loading=\"lazy\"\n\t\t\t\t\tsrc=\"https:\/\/maps.google.com\/maps?q=Kecskem%C3%A9t&#038;t=m&#038;z=17&#038;output=embed&#038;iwloc=near\"\n\t\t\t\t\ttitle=\"Kecskem\u00e9t\"\n\t\t\t\t\taria-label=\"Kecskem\u00e9t\"\n\t\t\t><\/iframe>\n\t\t<\/div>\n\t\t\t\t\t\t<\/div>\n\t\t\t\t<\/div>\n\t\t\t\t<\/div>\n\t\t<div class=\"elementor-element elementor-element-5af9d317 e-con-full e-flex e-con e-child\" data-id=\"5af9d317\" data-element_type=\"container\">\n\t\t\t\t<div class=\"elementor-element elementor-element-bf8d058 elementor-widget elementor-widget-wp-widget-block\" data-id=\"bf8d058\" data-element_type=\"widget\" data-widget_type=\"wp-widget-block.default\">\n\t\t\t\t<div class=\"elementor-widget-container\">\n\t\t\t\t\t[vc_row full_width=\"stretch_row\" gap=\"1\"][vc_column width=\"1\/1\"]\n<div class=\"wpcf7 no-js\" id=\"wpcf7-f8-o1\" lang=\"en-US\" dir=\"ltr\" data-wpcf7-id=\"8\">\n<div class=\"screen-reader-response\"><p role=\"status\" aria-live=\"polite\" aria-atomic=\"true\"><\/p> <ul><\/ul><\/div>\n<form action=\"\/index.php\/wp-json\/wp\/v2\/pages\/25#wpcf7-f8-o1\" method=\"post\" class=\"wpcf7-form init\" aria-label=\"Contact form\" novalidate=\"novalidate\" data-status=\"init\">\n<fieldset class=\"hidden-fields-container\"><input type=\"hidden\" name=\"_wpcf7\" value=\"8\" \/><input type=\"hidden\" name=\"_wpcf7_version\" value=\"6.1.5\" \/><input type=\"hidden\" name=\"_wpcf7_locale\" value=\"en_US\" \/><input type=\"hidden\" name=\"_wpcf7_unit_tag\" value=\"wpcf7-f8-o1\" \/><input type=\"hidden\" name=\"_wpcf7_container_post\" value=\"0\" \/><input type=\"hidden\" name=\"_wpcf7_posted_data_hash\" value=\"\" \/><input type=\"hidden\" name=\"_wpcf7_recaptcha_response\" value=\"\" \/>\n<\/fieldset>\n<p><label> N\u00e9v<br \/>\n<span class=\"wpcf7-form-control-wrap\" data-name=\"your-name\"><input size=\"40\" maxlength=\"400\" class=\"wpcf7-form-control wpcf7-text wpcf7-validates-as-required\" autocomplete=\"name\" aria-required=\"true\" aria-invalid=\"false\" value=\"\" type=\"text\" name=\"your-name\" \/><\/span> <\/label>\n<\/p>\n<p><label> E-mail c\u00edm<br \/>\n<span class=\"wpcf7-form-control-wrap\" data-name=\"your-email\"><input size=\"40\" maxlength=\"400\" class=\"wpcf7-form-control wpcf7-email wpcf7-validates-as-required wpcf7-text wpcf7-validates-as-email\" autocomplete=\"email\" aria-required=\"true\" aria-invalid=\"false\" value=\"\" type=\"email\" name=\"your-email\" \/><\/span> <\/label>\n<\/p>\n<p><label> T\u00e1rgy<br \/>\n<span class=\"wpcf7-form-control-wrap\" data-name=\"your-subject\"><input size=\"40\" maxlength=\"400\" class=\"wpcf7-form-control wpcf7-text wpcf7-validates-as-required\" aria-required=\"true\" aria-invalid=\"false\" value=\"\" type=\"text\" name=\"your-subject\" \/><\/span> <\/label>\n<\/p>\n<p><label> \u00dczenet (opcion\u00e1lis)<br \/>\n<span class=\"wpcf7-form-control-wrap\" data-name=\"your-message\"><textarea cols=\"40\" rows=\"10\" maxlength=\"2000\" class=\"wpcf7-form-control wpcf7-textarea\" aria-invalid=\"false\" name=\"your-message\"><\/textarea><\/span> <\/label>\n<\/p>\n<p><input class=\"wpcf7-form-control wpcf7-submit has-spinner\" type=\"submit\" value=\"\u00dczenet k\u00fcld\u00e9se\" \/>\n<\/p><div class=\"wpcf7-response-output\" aria-hidden=\"true\"><\/div>\n<\/form>\n<\/div>\n[\/vc_column][vc_column width=\"1\/1\"][\/vc_column][\/vc_row]\t\t\t\t<\/div>\n\t\t\t\t<\/div>\n\t\t\t\t<\/div>\n\t\t\t\t<\/div>\n\t\t<div class=\"elementor-element elementor-element-57115b32 e-con-full e-flex e-con e-parent\" data-id=\"57115b32\" data-element_type=\"container\" data-settings=\"{&quot;background_background&quot;:&quot;classic&quot;}\">\n\t\t\t\t<div class=\"elementor-element elementor-element-25eddb6c elementor-widget elementor-widget-heading\" data-id=\"25eddb6c\" data-element_type=\"widget\" data-widget_type=\"heading.default\">\n\t\t\t\t<div class=\"elementor-widget-container\">\n\t\t\t\t\t<p class=\"elementor-heading-title elementor-size-default\">\u00a9 All Rights Reserved.<\/p>\t\t\t\t<\/div>\n\t\t\t\t<\/div>\n\t\t\t\t<\/div>\n\t\t\t\t<\/div>\n\t\t<\/div>","protected":false},"excerpt":{"rendered":"<p>\u00cdrj nek\u00fcnk Amennyiben k\u00e9rd\u00e9sed, elk\u00e9pzel\u00e9sed van, keress minket bizalommal az itt tal\u00e1lhat\u00f3 el\u00e9rhet\u0151s\u00e9geink egyik\u00e9n. Nyitvatart\u00e1si id\u0151 H\u00e9tf\u0151 &#8211; P\u00e9ntek 8:00 &#8211; 17:00 Telefonsz\u00e1m: +36308760091 Email: greenvillkecskemet@gmail.com \u00a9 All Rights Reserved.<\/p>\n","protected":false},"author":1,"featured_media":0,"parent":0,"menu_order":0,"comment_status":"closed","ping_status":"closed","template":"elementor_theme","meta":{"two_page_speed":[],"footnotes":""},"class_list":["post-25","page","type-page","status-publish","hentry"],"yoast_head":"<!-- This site is optimized with the Yoast SEO plugin v26.9 - https:\/\/yoast.com\/product\/yoast-seo-wordpress\/ -->\n<title>Kapcsolat - GreenVill<\/title>\n<meta name=\"robots\" content=\"index, follow, max-snippet:-1, max-image-preview:large, max-video-preview:-1\" \/>\n<link rel=\"canonical\" href=\"https:\/\/green-vill-kecskemet.hu\/index.php\/kapcsolat\/\" \/>\n<meta property=\"og:locale\" content=\"hu_HU\" \/>\n<meta property=\"og:type\" content=\"article\" \/>\n<meta property=\"og:title\" content=\"Kapcsolat - GreenVill\" \/>\n<meta property=\"og:description\" content=\"\u00cdrj nek\u00fcnk Amennyiben k\u00e9rd\u00e9sed, elk\u00e9pzel\u00e9sed van, keress minket bizalommal az itt tal\u00e1lhat\u00f3 el\u00e9rhet\u0151s\u00e9geink egyik\u00e9n. Nyitvatart\u00e1si id\u0151 H\u00e9tf\u0151 &#8211; P\u00e9ntek 8:00 &#8211; 17:00 Telefonsz\u00e1m: +36308760091 Email: greenvillkecskemet@gmail.com \u00a9 All Rights Reserved.\" \/>\n<meta property=\"og:url\" content=\"https:\/\/green-vill-kecskemet.hu\/index.php\/kapcsolat\/\" \/>\n<meta property=\"og:site_name\" content=\"GreenVill\" \/>\n<meta property=\"article:publisher\" content=\"https:\/\/www.facebook.com\/profile.php?id=61556609794532\" \/>\n<meta property=\"article:modified_time\" content=\"2024-08-21T04:31:30+00:00\" \/>\n<meta property=\"og:image\" content=\"https:\/\/green-vill-kecskemet.hu\/wp-content\/uploads\/2024\/08\/AdobeStock_523166875-659x440.jpeg\" \/>\n<meta name=\"twitter:card\" content=\"summary_large_image\" \/>\n<script type=\"application\/ld+json\" class=\"yoast-schema-graph\">{\"@context\":\"https:\/\/schema.org\",\"@graph\":[{\"@type\":\"WebPage\",\"@id\":\"https:\/\/green-vill-kecskemet.hu\/index.php\/kapcsolat\/\",\"url\":\"https:\/\/green-vill-kecskemet.hu\/index.php\/kapcsolat\/\",\"name\":\"Kapcsolat - GreenVill\",\"isPartOf\":{\"@id\":\"https:\/\/green-vill-kecskemet.hu\/#website\"},\"primaryImageOfPage\":{\"@id\":\"https:\/\/green-vill-kecskemet.hu\/index.php\/kapcsolat\/#primaryimage\"},\"image\":{\"@id\":\"https:\/\/green-vill-kecskemet.hu\/index.php\/kapcsolat\/#primaryimage\"},\"thumbnailUrl\":\"https:\/\/green-vill-kecskemet.hu\/wp-content\/uploads\/2024\/08\/AdobeStock_523166875-659x440.jpeg\",\"datePublished\":\"2024-07-31T06:06:11+00:00\",\"dateModified\":\"2024-08-21T04:31:30+00:00\",\"breadcrumb\":{\"@id\":\"https:\/\/green-vill-kecskemet.hu\/index.php\/kapcsolat\/#breadcrumb\"},\"inLanguage\":\"hu\",\"potentialAction\":[{\"@type\":\"ReadAction\",\"target\":[\"https:\/\/green-vill-kecskemet.hu\/index.php\/kapcsolat\/\"]}]},{\"@type\":\"ImageObject\",\"inLanguage\":\"hu\",\"@id\":\"https:\/\/green-vill-kecskemet.hu\/index.php\/kapcsolat\/#primaryimage\",\"url\":\"https:\/\/green-vill-kecskemet.hu\/wp-content\/uploads\/2024\/08\/AdobeStock_523166875-scaled.jpeg\",\"contentUrl\":\"https:\/\/green-vill-kecskemet.hu\/wp-content\/uploads\/2024\/08\/AdobeStock_523166875-scaled.jpeg\",\"width\":2560,\"height\":1709},{\"@type\":\"BreadcrumbList\",\"@id\":\"https:\/\/green-vill-kecskemet.hu\/index.php\/kapcsolat\/#breadcrumb\",\"itemListElement\":[{\"@type\":\"ListItem\",\"position\":1,\"name\":\"Home\",\"item\":\"https:\/\/green-vill-kecskemet.hu\/\"},{\"@type\":\"ListItem\",\"position\":2,\"name\":\"Kapcsolat\"}]},{\"@type\":\"WebSite\",\"@id\":\"https:\/\/green-vill-kecskemet.hu\/#website\",\"url\":\"https:\/\/green-vill-kecskemet.hu\/\",\"name\":\"Green Vill Kecskem\u00e9t\",\"description\":\"\",\"publisher\":{\"@id\":\"https:\/\/green-vill-kecskemet.hu\/#organization\"},\"potentialAction\":[{\"@type\":\"SearchAction\",\"target\":{\"@type\":\"EntryPoint\",\"urlTemplate\":\"https:\/\/green-vill-kecskemet.hu\/?s={search_term_string}\"},\"query-input\":{\"@type\":\"PropertyValueSpecification\",\"valueRequired\":true,\"valueName\":\"search_term_string\"}}],\"inLanguage\":\"hu\"},{\"@type\":\"Organization\",\"@id\":\"https:\/\/green-vill-kecskemet.hu\/#organization\",\"name\":\"Gecsei Viktor EV\",\"url\":\"https:\/\/green-vill-kecskemet.hu\/\",\"logo\":{\"@type\":\"ImageObject\",\"inLanguage\":\"hu\",\"@id\":\"https:\/\/green-vill-kecskemet.hu\/#\/schema\/logo\/image\/\",\"url\":\"https:\/\/green-vill-kecskemet.hu\/wp-content\/uploads\/2025\/02\/GreenVill-logo-v2-scaled.webp\",\"contentUrl\":\"https:\/\/green-vill-kecskemet.hu\/wp-content\/uploads\/2025\/02\/GreenVill-logo-v2-scaled.webp\",\"width\":2560,\"height\":2560,\"caption\":\"Gecsei Viktor EV\"},\"image\":{\"@id\":\"https:\/\/green-vill-kecskemet.hu\/#\/schema\/logo\/image\/\"},\"sameAs\":[\"https:\/\/www.facebook.com\/profile.php?id=61556609794532\"]}]}<\/script>\n<!-- \/ Yoast SEO plugin. -->","yoast_head_json":{"title":"Kapcsolat - GreenVill","robots":{"index":"index","follow":"follow","max-snippet":"max-snippet:-1","max-image-preview":"max-image-preview:large","max-video-preview":"max-video-preview:-1"},"canonical":"https:\/\/green-vill-kecskemet.hu\/index.php\/kapcsolat\/","og_locale":"hu_HU","og_type":"article","og_title":"Kapcsolat - GreenVill","og_description":"\u00cdrj nek\u00fcnk Amennyiben k\u00e9rd\u00e9sed, elk\u00e9pzel\u00e9sed van, keress minket bizalommal az itt tal\u00e1lhat\u00f3 el\u00e9rhet\u0151s\u00e9geink egyik\u00e9n. Nyitvatart\u00e1si id\u0151 H\u00e9tf\u0151 &#8211; P\u00e9ntek 8:00 &#8211; 17:00 Telefonsz\u00e1m: +36308760091 Email: greenvillkecskemet@gmail.com \u00a9 All Rights Reserved.","og_url":"https:\/\/green-vill-kecskemet.hu\/index.php\/kapcsolat\/","og_site_name":"GreenVill","article_publisher":"https:\/\/www.facebook.com\/profile.php?id=61556609794532","article_modified_time":"2024-08-21T04:31:30+00:00","og_image":[{"url":"https:\/\/green-vill-kecskemet.hu\/wp-content\/uploads\/2024\/08\/AdobeStock_523166875-659x440.jpeg","type":"","width":"","height":""}],"twitter_card":"summary_large_image","schema":{"@context":"https:\/\/schema.org","@graph":[{"@type":"WebPage","@id":"https:\/\/green-vill-kecskemet.hu\/index.php\/kapcsolat\/","url":"https:\/\/green-vill-kecskemet.hu\/index.php\/kapcsolat\/","name":"Kapcsolat - GreenVill","isPartOf":{"@id":"https:\/\/green-vill-kecskemet.hu\/#website"},"primaryImageOfPage":{"@id":"https:\/\/green-vill-kecskemet.hu\/index.php\/kapcsolat\/#primaryimage"},"image":{"@id":"https:\/\/green-vill-kecskemet.hu\/index.php\/kapcsolat\/#primaryimage"},"thumbnailUrl":"https:\/\/green-vill-kecskemet.hu\/wp-content\/uploads\/2024\/08\/AdobeStock_523166875-659x440.jpeg","datePublished":"2024-07-31T06:06:11+00:00","dateModified":"2024-08-21T04:31:30+00:00","breadcrumb":{"@id":"https:\/\/green-vill-kecskemet.hu\/index.php\/kapcsolat\/#breadcrumb"},"inLanguage":"hu","potentialAction":[{"@type":"ReadAction","target":["https:\/\/green-vill-kecskemet.hu\/index.php\/kapcsolat\/"]}]},{"@type":"ImageObject","inLanguage":"hu","@id":"https:\/\/green-vill-kecskemet.hu\/index.php\/kapcsolat\/#primaryimage","url":"https:\/\/green-vill-kecskemet.hu\/wp-content\/uploads\/2024\/08\/AdobeStock_523166875-scaled.jpeg","contentUrl":"https:\/\/green-vill-kecskemet.hu\/wp-content\/uploads\/2024\/08\/AdobeStock_523166875-scaled.jpeg","width":2560,"height":1709},{"@type":"BreadcrumbList","@id":"https:\/\/green-vill-kecskemet.hu\/index.php\/kapcsolat\/#breadcrumb","itemListElement":[{"@type":"ListItem","position":1,"name":"Home","item":"https:\/\/green-vill-kecskemet.hu\/"},{"@type":"ListItem","position":2,"name":"Kapcsolat"}]},{"@type":"WebSite","@id":"https:\/\/green-vill-kecskemet.hu\/#website","url":"https:\/\/green-vill-kecskemet.hu\/","name":"Green Vill Kecskem\u00e9t","description":"","publisher":{"@id":"https:\/\/green-vill-kecskemet.hu\/#organization"},"potentialAction":[{"@type":"SearchAction","target":{"@type":"EntryPoint","urlTemplate":"https:\/\/green-vill-kecskemet.hu\/?s={search_term_string}"},"query-input":{"@type":"PropertyValueSpecification","valueRequired":true,"valueName":"search_term_string"}}],"inLanguage":"hu"},{"@type":"Organization","@id":"https:\/\/green-vill-kecskemet.hu\/#organization","name":"Gecsei Viktor EV","url":"https:\/\/green-vill-kecskemet.hu\/","logo":{"@type":"ImageObject","inLanguage":"hu","@id":"https:\/\/green-vill-kecskemet.hu\/#\/schema\/logo\/image\/","url":"https:\/\/green-vill-kecskemet.hu\/wp-content\/uploads\/2025\/02\/GreenVill-logo-v2-scaled.webp","contentUrl":"https:\/\/green-vill-kecskemet.hu\/wp-content\/uploads\/2025\/02\/GreenVill-logo-v2-scaled.webp","width":2560,"height":2560,"caption":"Gecsei Viktor EV"},"image":{"@id":"https:\/\/green-vill-kecskemet.hu\/#\/schema\/logo\/image\/"},"sameAs":["https:\/\/www.facebook.com\/profile.php?id=61556609794532"]}]}},"_links":{"self":[{"href":"https:\/\/green-vill-kecskemet.hu\/index.php\/wp-json\/wp\/v2\/pages\/25","targetHints":{"allow":["GET"]}}],"collection":[{"href":"https:\/\/green-vill-kecskemet.hu\/index.php\/wp-json\/wp\/v2\/pages"}],"about":[{"href":"https:\/\/green-vill-kecskemet.hu\/index.php\/wp-json\/wp\/v2\/types\/page"}],"author":[{"embeddable":true,"href":"https:\/\/green-vill-kecskemet.hu\/index.php\/wp-json\/wp\/v2\/users\/1"}],"replies":[{"embeddable":true,"href":"https:\/\/green-vill-kecskemet.hu\/index.php\/wp-json\/wp\/v2\/comments?post=25"}],"version-history":[{"count":20,"href":"https:\/\/green-vill-kecskemet.hu\/index.php\/wp-json\/wp\/v2\/pages\/25\/revisions"}],"predecessor-version":[{"id":8743,"href":"https:\/\/green-vill-kecskemet.hu\/index.php\/wp-json\/wp\/v2\/pages\/25\/revisions\/8743"}],"wp:attachment":[{"href":"https:\/\/green-vill-kecskemet.hu\/index.php\/wp-json\/wp\/v2\/media?parent=25"}],"curies":[{"name":"wp","href":"https:\/\/api.w.org\/{rel}","templated":true}]}}